{"id":312,"date":"2017-01-09T19:50:49","date_gmt":"2017-01-09T17:50:49","guid":{"rendered":"http:\/\/maus-getraenke.de\/?page_id=312"},"modified":"2017-01-09T19:54:15","modified_gmt":"2017-01-09T17:54:15","slug":"wagen-2","status":"publish","type":"page","link":"http:\/\/maus-getraenke.de\/?page_id=312","title":{"rendered":"Wagen"},"content":{"rendered":"<p><center><br \/>\nBitte w\u00e4hlen Sie die gew\u00fcnschte Wagenkategorie:<br \/>\n<a href=\"\/?page_id=72\">Ausschankwagen<\/a><br \/>\n<a href=\"\/?page_id=231\">K\u00fchlwagen<\/a><br \/>\n<\/center><\/p>\n","protected":false},"excerpt":{"rendered":"<p>Bitte w\u00e4hlen Sie die gew\u00fcnschte Wagenkategorie: Ausschankwagen K\u00fchlwagen<\/p>\n","protected":false},"author":1,"featured_media":0,"parent":0,"menu_order":0,"comment_status":"closed","ping_status":"closed","template":"","meta":{"footnotes":""},"_links":{"self":[{"href":"http:\/\/maus-getraenke.de\/index.php?rest_route=\/wp\/v2\/pages\/312"}],"collection":[{"href":"http:\/\/maus-getraenke.de\/index.php?rest_route=\/wp\/v2\/pages"}],"about":[{"href":"http:\/\/maus-getraenke.de\/index.php?rest_route=\/wp\/v2\/types\/page"}],"author":[{"embeddable":true,"href":"http:\/\/maus-getraenke.de\/index.php?rest_route=\/wp\/v2\/users\/1"}],"replies":[{"embeddable":true,"href":"http:\/\/maus-getraenke.de\/index.php?rest_route=%2Fwp%2Fv2%2Fcomments&post=312"}],"version-history":[{"count":4,"href":"http:\/\/maus-getraenke.de\/index.php?rest_route=\/wp\/v2\/pages\/312\/revisions"}],"predecessor-version":[{"id":317,"href":"http:\/\/maus-getraenke.de\/index.php?rest_route=\/wp\/v2\/pages\/312\/revisions\/317"}],"wp:attachment":[{"href":"http:\/\/maus-getraenke.de\/index.php?rest_route=%2Fwp%2Fv2%2Fmedia&parent=312"}],"curies":[{"name":"wp","href":"https:\/\/api.w.org\/{rel}","templated":true}]}}