{"id":6,"date":"2013-06-26T09:34:45","date_gmt":"2013-06-26T07:34:45","guid":{"rendered":"http:\/\/maus-getraenke.de\/?page_id=6"},"modified":"2013-07-04T15:30:24","modified_gmt":"2013-07-04T13:30:24","slug":"service","status":"publish","type":"page","link":"http:\/\/maus-getraenke.de\/?page_id=6","title":{"rendered":"Service"},"content":{"rendered":"<p style=\"text-align: right;\">Preise auf Anfrage<\/p>\n<p style=\"text-align: center;\"><strong>Unser Service:<\/strong><\/p>\n<ul>\n<li>Lieferservice<\/li>\n<li>keine Mindestbestellung<\/li>\n<li>Getr\u00e4nke aus Komission<\/li>\n<li>Handels\u00fcbliches Sortiment<\/li>\n<li>Regional und \u00fcberregionales Angebot<\/li>\n<\/ul>\n<p style=\"text-align: center;\"><strong>Verleih von:<\/strong><\/p>\n<ul>\n<li>Ausschankwagen<\/li>\n<li>K\u00fchlwagen<\/li>\n<li>K\u00fchltruhen<\/li>\n<li>Zapfanlagen<\/li>\n<li>Garnituren<\/li>\n<li>Stehtische<\/li>\n<\/ul>\n<p style=\"text-align: center;\"><strong>Wir freuen uns auf Sie !<\/strong><\/p>\n","protected":false},"excerpt":{"rendered":"<p>Preise auf Anfrage Unser Service: Lieferservice keine Mindestbestellung Getr\u00e4nke aus Komission Handels\u00fcbliches Sortiment Regional und \u00fcberregionales Angebot Verleih von: Ausschankwagen K\u00fchlwagen K\u00fchltruhen Zapfanlagen Garnituren Stehtische Wir freuen uns auf Sie !<\/p>\n","protected":false},"author":1,"featured_media":0,"parent":0,"menu_order":0,"comment_status":"closed","ping_status":"open","template":"page-templates\/full-width.php","meta":{"footnotes":""},"_links":{"self":[{"href":"http:\/\/maus-getraenke.de\/index.php?rest_route=\/wp\/v2\/pages\/6"}],"collection":[{"href":"http:\/\/maus-getraenke.de\/index.php?rest_route=\/wp\/v2\/pages"}],"about":[{"href":"http:\/\/maus-getraenke.de\/index.php?rest_route=\/wp\/v2\/types\/page"}],"author":[{"embeddable":true,"href":"http:\/\/maus-getraenke.de\/index.php?rest_route=\/wp\/v2\/users\/1"}],"replies":[{"embeddable":true,"href":"http:\/\/maus-getraenke.de\/index.php?rest_route=%2Fwp%2Fv2%2Fcomments&post=6"}],"version-history":[{"count":13,"href":"http:\/\/maus-getraenke.de\/index.php?rest_route=\/wp\/v2\/pages\/6\/revisions"}],"predecessor-version":[{"id":100,"href":"http:\/\/maus-getraenke.de\/index.php?rest_route=\/wp\/v2\/pages\/6\/revisions\/100"}],"wp:attachment":[{"href":"http:\/\/maus-getraenke.de\/index.php?rest_route=%2Fwp%2Fv2%2Fmedia&parent=6"}],"curies":[{"name":"wp","href":"https:\/\/api.w.org\/{rel}","templated":true}]}}